{"id":2113,"date":"2018-02-23T12:15:24","date_gmt":"2018-02-23T12:15:24","guid":{"rendered":"https:\/\/kuceder.org\/egitimestem\/our-partners\/"},"modified":"2023-12-11T14:02:38","modified_gmt":"2023-12-11T11:02:38","slug":"hedeflerimiz","status":"publish","type":"page","link":"https:\/\/kuceder.org\/egitimestem\/hedeflerimiz\/","title":{"rendered":"Hedeflerimiz"},"content":{"rendered":"\t\t<div data-elementor-type=\"wp-post\" data-elementor-id=\"2113\" class=\"elementor elementor-2113\">\n\t\t\t\t\t\t<section class=\"elementor-section elementor-top-section elementor-element elementor-element-62c6e8cb elementor-section-content-middle elementor-section-boxed elementor-section-height-default elementor-section-height-default\" data-id=\"62c6e8cb\" data-element_type=\"section\" data-settings=\"{&quot;background_background&quot;:&quot;classic&quot;}\">\n\t\t\t\t\t\t\t<div class=\"elementor-background-overlay\"><\/div>\n\t\t\t\t\t\t\t<div class=\"elementor-container elementor-column-gap-wide\">\n\t\t\t\t\t<div class=\"elementor-column elementor-col-100 elementor-top-column elementor-element elementor-element-1adcf773\" data-id=\"1adcf773\" data-element_type=\"column\">\n\t\t\t<div class=\"elementor-widget-wrap elementor-element-populated\">\n\t\t\t\t\t\t<div class=\"elementor-element elementor-element-3184caf8 elementor-widget elementor-widget-heading\" data-id=\"3184caf8\" data-element_type=\"widget\" data-widget_type=\"heading.default\">\n\t\t\t\t<div class=\"elementor-widget-container\">\n\t\t\t\t\t<h4 class=\"elementor-heading-title elementor-size-default\">Ku\u00e7eder - \u00c7evre ve STEM (E-STEM)<\/h4>\t\t\t\t<\/div>\n\t\t\t\t<\/div>\n\t\t\t\t<div class=\"elementor-element elementor-element-1a645069 elementor-widget-divider--view-line elementor-widget elementor-widget-divider\" data-id=\"1a645069\" data-element_type=\"widget\" data-widget_type=\"divider.default\">\n\t\t\t\t<div class=\"elementor-widget-container\">\n\t\t\t\t\t\t\t<div class=\"elementor-divider\">\n\t\t\t<span class=\"elementor-divider-separator\">\n\t\t\t\t\t\t<\/span>\n\t\t<\/div>\n\t\t\t\t\t\t<\/div>\n\t\t\t\t<\/div>\n\t\t\t\t<div class=\"elementor-element elementor-element-47757d77 elementor-widget elementor-widget-heading\" data-id=\"47757d77\" data-element_type=\"widget\" data-widget_type=\"heading.default\">\n\t\t\t\t<div class=\"elementor-widget-container\">\n\t\t\t\t\t<h1 class=\"elementor-heading-title elementor-size-default\">Hedeflerimiz<\/h1>\t\t\t\t<\/div>\n\t\t\t\t<\/div>\n\t\t\t\t\t<\/div>\n\t\t<\/div>\n\t\t\t\t\t<\/div>\n\t\t<\/section>\n\t\t<div class=\"elementor-element elementor-element-fcbe214 e-flex e-con-boxed e-con e-parent\" data-id=\"fcbe214\" data-element_type=\"container\">\n\t\t\t\t\t<div class=\"e-con-inner\">\n\t\t\t\t<div class=\"elementor-element elementor-element-964874d elementor-widget-divider--view-line elementor-widget elementor-widget-divider\" data-id=\"964874d\" data-element_type=\"widget\" data-widget_type=\"divider.default\">\n\t\t\t\t<div class=\"elementor-widget-container\">\n\t\t\t\t\t\t\t<div class=\"elementor-divider\">\n\t\t\t<span class=\"elementor-divider-separator\">\n\t\t\t\t\t\t<\/span>\n\t\t<\/div>\n\t\t\t\t\t\t<\/div>\n\t\t\t\t<\/div>\n\t\t\t\t\t<\/div>\n\t\t\t\t<\/div>\n\t\t<div class=\"elementor-element elementor-element-8cde9ec e-flex e-con-boxed e-con e-parent\" data-id=\"8cde9ec\" data-element_type=\"container\">\n\t\t\t\t\t<div class=\"e-con-inner\">\n\t\t\t\t<div class=\"elementor-element elementor-element-6999e42 elementor-widget elementor-widget-text-editor\" data-id=\"6999e42\" data-element_type=\"widget\" data-widget_type=\"text-editor.default\">\n\t\t\t\t<div class=\"elementor-widget-container\">\n\t\t\t\t\t\t\t\t\t<p style=\"font-weight: 400;\">T\u00dcB\u0130TAK deste\u011fi ile y\u00fcr\u00fct\u00fclecek bu disiplinler aras\u0131 bilimsel etkinlik program\u0131 sayesinde \u00fcniversitelerde Fen Bilgisi \u00d6\u011fretmenli\u011fi, S\u0131n\u0131f \u00d6\u011fretmenli\u011fi ve Okul \u00d6ncesi \u00d6\u011fretmenli\u011fi programlar\u0131nda e\u011fitim alan Lisans\u00fcst\u00fc \u00f6\u011frencilerine, iklim de\u011fi\u015fikli\u011fi ve biyolojik \u00e7e\u015fitlilik ba\u015fta olmak \u00fczere \u00e7evre sorunlar\u0131n\u0131n fark\u0131ndal\u0131\u011f\u0131n\u0131n art\u0131r\u0131lmas\u0131, tutum ve davran\u0131\u015flar\u0131n kazan\u0131lmas\u0131 ve s\u00fcrd\u00fcr\u00fclebilir \u00e7evre anlay\u0131\u015f\u0131n\u0131n kazand\u0131r\u0131lmas\u0131na y\u00f6nelik \u00e7evre e\u011fitiminin disiplinler aras\u0131 bir y\u00f6ntem olan STEM etkinlikleri ile uygulamal\u0131 olarak \u00f6\u011fretmek ama\u00e7lanmaktad\u0131r.<\/p><p style=\"font-weight: 400;\">Di\u011fer ama\u00e7lar\u0131m\u0131z a\u015fa\u011f\u0131da maddeler halinde verilmi\u015ftir.<\/p><ul style=\"font-weight: 400;\"><li>Kat\u0131l\u0131mc\u0131lar\u0131m\u0131z\u0131n biyolojik \u00e7e\u015fitlilik konusunda bilgi da\u011farc\u0131klar\u0131n\u0131 geli\u015ftirmek ama\u00e7l\u0131 teorik ve uygulamal\u0131 bir e\u011fitim modeli sunmak.<\/li><li>Kat\u0131l\u0131mc\u0131lar\u0131m\u0131z\u0131n k\u00fcresel iklim de\u011fi\u015fikli\u011fi konusunda bilgi da\u011farc\u0131klar\u0131n\u0131 geli\u015ftirmek ama\u00e7l\u0131 teorik ve uygulamal\u0131 bir e\u011fitim modeli sunmak.<\/li><li>Kat\u0131l\u0131mc\u0131lar\u0131m\u0131za \u2018S\u00fcrd\u00fcr\u00fclebilirlik (Sustainability)\u2019 kavram\u0131n\u0131n \u00f6\u011frencilere kazand\u0131r\u0131lmas\u0131 i\u00e7in \u00f6\u011fretmenlerin s\u0131n\u0131flar\u0131nda ve e\u011fitim ortamlar\u0131nda kullanabilecekleri e\u011fitsel y\u00f6ntem ve yakla\u015f\u0131m sunmak.<\/li><li>Kat\u0131l\u0131mc\u0131lar\u0131n e\u011fitim program\u0131 tasarlama becerisini geli\u015ftirmek, Biyolojik \u00c7e\u015fitlilik ve \u0130klim De\u011fi\u015fikli\u011fi\u2019nin S\u00fcrd\u00fcr\u00fclebilirlik kavram\u0131 ile ili\u015fkilendirerek farkl\u0131 y\u00f6ntemleri de kullanarak \u00f6\u011frencilerine kazand\u0131rmalar\u0131n\u0131 sa\u011flamak.<\/li><li>Bo\u011fazkent Uygulamal\u0131 \u00c7evre E\u011fitimi ve Ku\u015f Halkalama \u0130stasyonu\u2019nda ku\u015f ara\u015ft\u0131rmalar\u0131nda kullan\u0131lan y\u00f6ntem teknikleri g\u00f6zlemleyerek \u00c7evre ve STEM (E-STEM) ili\u015fkisini kurmak.<\/li><li>\u00c7evre koruma bilincinin geli\u015fmesine katk\u0131 sa\u011flamak.<\/li><li>STEM e\u011fitiminin bilimsel, felsefi, tarihi ve teknolojik boyutlar\u0131 hakk\u0131nda bilgi sahibi olmak.<\/li><li>STEM\u2019in bilimsel bir yakla\u015f\u0131m, bir d\u00fc\u015f\u00fcnme bi\u00e7imi oldu\u011funu fark etmek, g\u00fcnl\u00fck hayat\u0131m\u0131zdaki sorunlar\u0131n \u00e7\u00f6z\u00fcm\u00fcnden e\u011fitim ortamlar\u0131n\u0131n tasar\u0131m\u0131na kadar STEM yakla\u015f\u0131m\u0131n\u0131 i\u00e7selle\u015ftirerek kullanmak.<\/li><\/ul><p style=\"font-weight: 400;\">\u00a0<\/p>\t\t\t\t\t\t\t\t<\/div>\n\t\t\t\t<\/div>\n\t\t\t\t\t<\/div>\n\t\t\t\t<\/div>\n\t\t\t\t<\/div>\n\t\t","protected":false},"excerpt":{"rendered":"<p>Ku\u00e7eder &#8211; \u00c7evre ve STEM (E-STEM) Hedeflerimiz T\u00dcB\u0130TAK deste\u011fi ile y\u00fcr\u00fct\u00fclecek bu disiplinler aras\u0131 bilimsel etkinlik program\u0131 sayesinde \u00fcniversitelerde Fen Bilgisi \u00d6\u011fretmenli\u011fi, S\u0131n\u0131f \u00d6\u011fretmenli\u011fi ve Okul \u00d6ncesi \u00d6\u011fretmenli\u011fi programlar\u0131nda e\u011fitim alan Lisans\u00fcst\u00fc \u00f6\u011frencilerine, iklim de\u011fi\u015fikli\u011fi ve biyolojik \u00e7e\u015fitlilik ba\u015fta olmak \u00fczere \u00e7evre sorunlar\u0131n\u0131n fark\u0131ndal\u0131\u011f\u0131n\u0131n art\u0131r\u0131lmas\u0131, tutum ve davran\u0131\u015flar\u0131n kazan\u0131lmas\u0131 ve s\u00fcrd\u00fcr\u00fclebilir \u00e7evre anlay\u0131\u015f\u0131n\u0131n kazand\u0131r\u0131lmas\u0131na y\u00f6nelik &hellip;<\/p>\n<p class=\"read-more\"> <a class=\"\" href=\"https:\/\/kuceder.org\/egitimestem\/hedeflerimiz\/\"> <span class=\"screen-reader-text\">Hedeflerimiz<\/span> Devam\u0131 &raquo;<\/a><\/p>\n","protected":false},"author":1,"featured_media":0,"parent":0,"menu_order":0,"comment_status":"closed","ping_status":"closed","template":"","meta":{"give_campaign_id":0,"site-sidebar-layout":"no-sidebar","site-content-layout":"page-builder","ast-site-content-layout":"full-width-container","site-content-style":"unboxed","site-sidebar-style":"unboxed","ast-global-header-display":"","ast-banner-title-visibility":"","ast-main-header-display":"","ast-hfb-above-header-display":"","ast-hfb-below-header-display":"","ast-hfb-mobile-header-display":"","site-post-title":"disabled","ast-breadcrumbs-content":"","ast-featured-img":"disabled","footer-sml-layout":"","theme-transparent-header-meta":"default","adv-header-id-meta":"","stick-header-meta":"","header-above-stick-meta":"","header-main-stick-meta":"","header-below-stick-meta":"","astra-migrate-meta-layouts":"set","ast-page-background-enabled":"default","ast-page-background-meta":{"desktop":{"background-color":"","background-image":"","background-repeat":"repeat","background-position":"center center","background-size":"auto","background-attachment":"scroll","background-type":"","background-media":"","overlay-type":"","overlay-color":"","overlay-gradient":""},"tablet":{"background-color":"","background-image":"","background-repeat":"repeat","background-position":"center center","background-size":"auto","background-attachment":"scroll","background-type":"","background-media":"","overlay-type":"","overlay-color":"","overlay-gradient":""},"mobile":{"background-color":"","background-image":"","background-repeat":"repeat","background-position":"center center","background-size":"auto","background-attachment":"scroll","background-type":"","background-media":"","overlay-type":"","overlay-color":"","overlay-gradient":""}},"ast-content-background-meta":{"desktop":{"background-color":"var(--ast-global-color-5)","background-image":"","background-repeat":"repeat","background-position":"center center","background-size":"auto","background-attachment":"scroll","background-type":"","background-media":"","overlay-type":"","overlay-color":"","overlay-gradient":""},"tablet":{"background-color":"var(--ast-global-color-5)","background-image":"","background-repeat":"repeat","background-position":"center center","background-size":"auto","background-attachment":"scroll","background-type":"","background-media":"","overlay-type":"","overlay-color":"","overlay-gradient":""},"mobile":{"background-color":"var(--ast-global-color-5)","background-image":"","background-repeat":"repeat","background-position":"center center","background-size":"auto","background-attachment":"scroll","background-type":"","background-media":"","overlay-type":"","overlay-color":"","overlay-gradient":""}},"footnotes":""},"class_list":["post-2113","page","type-page","status-publish","hentry"],"aioseo_notices":[],"campaignId":"","_links":{"self":[{"href":"https:\/\/kuceder.org\/egitimestem\/wp-json\/wp\/v2\/pages\/2113","targetHints":{"allow":["GET"]}}],"collection":[{"href":"https:\/\/kuceder.org\/egitimestem\/wp-json\/wp\/v2\/pages"}],"about":[{"href":"https:\/\/kuceder.org\/egitimestem\/wp-json\/wp\/v2\/types\/page"}],"author":[{"embeddable":true,"href":"https:\/\/kuceder.org\/egitimestem\/wp-json\/wp\/v2\/users\/1"}],"replies":[{"embeddable":true,"href":"https:\/\/kuceder.org\/egitimestem\/wp-json\/wp\/v2\/comments?post=2113"}],"version-history":[{"count":12,"href":"https:\/\/kuceder.org\/egitimestem\/wp-json\/wp\/v2\/pages\/2113\/revisions"}],"predecessor-version":[{"id":3392,"href":"https:\/\/kuceder.org\/egitimestem\/wp-json\/wp\/v2\/pages\/2113\/revisions\/3392"}],"wp:attachment":[{"href":"https:\/\/kuceder.org\/egitimestem\/wp-json\/wp\/v2\/media?parent=2113"}],"curies":[{"name":"wp","href":"https:\/\/api.w.org\/{rel}","templated":true}]}}