{"id":2112,"date":"2018-02-23T12:14:19","date_gmt":"2018-02-23T12:14:19","guid":{"rendered":"https:\/\/kuceder.org\/egitimestem\/what-we-do\/"},"modified":"2023-12-11T13:43:44","modified_gmt":"2023-12-11T10:43:44","slug":"hedef-kitle-secim-kriterleri","status":"publish","type":"page","link":"https:\/\/kuceder.org\/egitimestem\/hedef-kitle-secim-kriterleri\/","title":{"rendered":"Hedef Kitle ve Se\u00e7im Kriterleri"},"content":{"rendered":"\t\t<div data-elementor-type=\"wp-post\" data-elementor-id=\"2112\" class=\"elementor elementor-2112\">\n\t\t\t\t\t\t<section class=\"elementor-section elementor-top-section elementor-element elementor-element-6c41702b elementor-section-content-middle elementor-section-boxed elementor-section-height-default elementor-section-height-default\" data-id=\"6c41702b\" data-element_type=\"section\" data-settings=\"{&quot;background_background&quot;:&quot;classic&quot;}\">\n\t\t\t\t\t\t\t<div class=\"elementor-background-overlay\"><\/div>\n\t\t\t\t\t\t\t<div class=\"elementor-container elementor-column-gap-wide\">\n\t\t\t\t\t<div class=\"elementor-column elementor-col-100 elementor-top-column elementor-element elementor-element-443b0413\" data-id=\"443b0413\" data-element_type=\"column\">\n\t\t\t<div class=\"elementor-widget-wrap elementor-element-populated\">\n\t\t\t\t\t\t<div class=\"elementor-element elementor-element-61fc912d elementor-widget elementor-widget-heading\" data-id=\"61fc912d\" data-element_type=\"widget\" data-widget_type=\"heading.default\">\n\t\t\t\t<div class=\"elementor-widget-container\">\n\t\t\t\t\t<h4 class=\"elementor-heading-title elementor-size-default\">Ku\u00e7eder - \u00c7evre ve STEM (E-STEM)<\/h4>\t\t\t\t<\/div>\n\t\t\t\t<\/div>\n\t\t\t\t<div class=\"elementor-element elementor-element-45f64028 elementor-widget-divider--view-line elementor-widget elementor-widget-divider\" data-id=\"45f64028\" data-element_type=\"widget\" data-widget_type=\"divider.default\">\n\t\t\t\t<div class=\"elementor-widget-container\">\n\t\t\t\t\t\t\t<div class=\"elementor-divider\">\n\t\t\t<span class=\"elementor-divider-separator\">\n\t\t\t\t\t\t<\/span>\n\t\t<\/div>\n\t\t\t\t\t\t<\/div>\n\t\t\t\t<\/div>\n\t\t\t\t<div class=\"elementor-element elementor-element-63016916 elementor-widget elementor-widget-heading\" data-id=\"63016916\" data-element_type=\"widget\" data-widget_type=\"heading.default\">\n\t\t\t\t<div class=\"elementor-widget-container\">\n\t\t\t\t\t<h1 class=\"elementor-heading-title elementor-size-default\">Hedef Kitle ve se\u00e7im kriterleri<\/h1>\t\t\t\t<\/div>\n\t\t\t\t<\/div>\n\t\t\t\t\t<\/div>\n\t\t<\/div>\n\t\t\t\t\t<\/div>\n\t\t<\/section>\n\t\t<div class=\"elementor-element elementor-element-7a0e228 e-flex e-con-boxed e-con e-parent\" data-id=\"7a0e228\" data-element_type=\"container\">\n\t\t\t\t\t<div class=\"e-con-inner\">\n\t\t\t\t<div class=\"elementor-element elementor-element-47296bd elementor-widget-divider--view-line elementor-widget elementor-widget-divider\" data-id=\"47296bd\" data-element_type=\"widget\" data-widget_type=\"divider.default\">\n\t\t\t\t<div class=\"elementor-widget-container\">\n\t\t\t\t\t\t\t<div class=\"elementor-divider\">\n\t\t\t<span class=\"elementor-divider-separator\">\n\t\t\t\t\t\t<\/span>\n\t\t<\/div>\n\t\t\t\t\t\t<\/div>\n\t\t\t\t<\/div>\n\t\t\t\t\t<\/div>\n\t\t\t\t<\/div>\n\t\t<div class=\"elementor-element elementor-element-e8a9a42 e-flex e-con-boxed e-con e-parent\" data-id=\"e8a9a42\" data-element_type=\"container\">\n\t\t\t\t\t<div class=\"e-con-inner\">\n\t\t\t\t<div class=\"elementor-element elementor-element-361394d elementor-widget elementor-widget-text-editor\" data-id=\"361394d\" data-element_type=\"widget\" data-widget_type=\"text-editor.default\">\n\t\t\t\t<div class=\"elementor-widget-container\">\n\t\t\t\t\t\t\t\t\t<p style=\"font-weight: 400;\">Kat\u0131l\u0131mc\u0131 se\u00e7iminde T\u00dcB\u0130TAK-B\u0130DEB 2237-A Bilimsel E\u011fitim Etkinlikleri Deste\u011fi kriterleri dikkate al\u0131nmaktad\u0131r. Bu ba\u011flamda a\u015fa\u011f\u0131da belirtilen \u015fartlara g\u00f6re kat\u0131l\u0131mc\u0131 se\u00e7imleri yap\u0131lmaktad\u0131r.<\/p><p style=\"font-weight: 400;\">Hedef Kitleyi Olu\u015fturan Gruplar:<\/p><p style=\"font-weight: 400;\">\u00dcniversitelerin e\u011fitim fak\u00fclteleri Okul \u00d6ncesi \u00d6\u011fretmenli\u011fi, S\u0131n\u0131f \u00d6\u011fretmenli\u011fi ve Fen Bilgisi \u00d6\u011fretmenli\u011fi programlar\u0131nda e\u011fitim alan<\/p><ul style=\"font-weight: 400;\"><li>Y\u00fcksek lisans \u00f6\u011frencisi<\/li><li>Doktora \u00f6\u011frencisi<\/li><\/ul><p style=\"font-weight: 400;\">Hedef Kitle Se\u00e7im Kriterlerinde a\u015fa\u011f\u0131daki hususlara dikkat edilmektedir:<\/p><ul style=\"font-weight: 400;\"><li>Se\u00e7ilecek kat\u0131l\u0131mc\u0131lar\u0131n farkl\u0131 okul\/kurum\/\u015fehirlere g\u00f6re dengeli da\u011f\u0131l\u0131m\u0131n\u0131n olmas\u0131,<\/li><li>Daha \u00f6nce e\u011fitim alm\u0131\u015f olanlar\u0131n daha sonra ayn\u0131 e\u011fitime \u00e7a\u011f\u0131r\u0131lmamas\u0131,<\/li><li>Kat\u0131l\u0131mc\u0131lar\u0131n stat\u00fcs\u00fcn\u00fcn ayn\u0131 d\u00fczeyde olmas\u0131,<\/li><li>Ba\u015fvuru oranlar\u0131na g\u00f6re kad\u0131n erkek da\u011f\u0131l\u0131mlar\u0131n\u0131n orant\u0131l\u0131 olmas\u0131,<\/li><li>Ara\u015ft\u0131rma kurumunun bulundu\u011fu \u015fehirlerden kat\u0131l\u0131mlar\u0131n orant\u0131l\u0131 olmas\u0131na,<\/li><li>\u00dcniversitelerin e\u011fitim fak\u00fclteleri Okul \u00d6ncesi \u00d6\u011fretmenli\u011fi, S\u0131n\u0131f \u00d6\u011fretmenli\u011fi ve Fen Bilgisi \u00d6\u011fretmenli\u011fi programlar\u0131nda e\u011fitim alan Lisans\u00fcst\u00fc \u00f6\u011frencilerden \u00e7evre e\u011fitimi ve STEM konular\u0131nda ara\u015ft\u0131rma yapan ara\u015ft\u0131rmac\u0131lar \u00f6ncelikli hedef kitlemizi olu\u015fturmaktad\u0131r. Bu hedef kitle d\u0131\u015f\u0131nda da hedef kitle al\u0131nabilecektir.<\/li><li>Kat\u0131l\u0131mc\u0131 adaylar\u0131n\u0131n ba\u015fvuru oranlar\u0131na g\u00f6re Doktora ve Y\u00fcksek lisans \u00f6\u011frencisi olma durumuna g\u00f6re orant\u0131l\u0131 ay\u0131r\u0131m yap\u0131lmas\u0131na dikkat edilecektir.<\/li><\/ul><p style=\"font-weight: 400;\">\u00a0<\/p>\t\t\t\t\t\t\t\t<\/div>\n\t\t\t\t<\/div>\n\t\t\t\t\t<\/div>\n\t\t\t\t<\/div>\n\t\t\t\t<\/div>\n\t\t","protected":false},"excerpt":{"rendered":"<p>Ku\u00e7eder &#8211; \u00c7evre ve STEM (E-STEM) Hedef Kitle ve se\u00e7im kriterleri Kat\u0131l\u0131mc\u0131 se\u00e7iminde T\u00dcB\u0130TAK-B\u0130DEB 2237-A Bilimsel E\u011fitim Etkinlikleri Deste\u011fi kriterleri dikkate al\u0131nmaktad\u0131r. Bu ba\u011flamda a\u015fa\u011f\u0131da belirtilen \u015fartlara g\u00f6re kat\u0131l\u0131mc\u0131 se\u00e7imleri yap\u0131lmaktad\u0131r. Hedef Kitleyi Olu\u015fturan Gruplar: \u00dcniversitelerin e\u011fitim fak\u00fclteleri Okul \u00d6ncesi \u00d6\u011fretmenli\u011fi, S\u0131n\u0131f \u00d6\u011fretmenli\u011fi ve Fen Bilgisi \u00d6\u011fretmenli\u011fi programlar\u0131nda e\u011fitim alan Y\u00fcksek lisans \u00f6\u011frencisi Doktora \u00f6\u011frencisi &hellip;<\/p>\n<p class=\"read-more\"> <a class=\"\" href=\"https:\/\/kuceder.org\/egitimestem\/hedef-kitle-secim-kriterleri\/\"> <span class=\"screen-reader-text\">Hedef Kitle ve Se\u00e7im Kriterleri<\/span> Devam\u0131 &raquo;<\/a><\/p>\n","protected":false},"author":1,"featured_media":0,"parent":0,"menu_order":0,"comment_status":"closed","ping_status":"closed","template":"","meta":{"give_campaign_id":0,"site-sidebar-layout":"no-sidebar","site-content-layout":"page-builder","ast-site-content-layout":"full-width-container","site-content-style":"unboxed","site-sidebar-style":"unboxed","ast-global-header-display":"","ast-banner-title-visibility":"","ast-main-header-display":"","ast-hfb-above-header-display":"","ast-hfb-below-header-display":"","ast-hfb-mobile-header-display":"","site-post-title":"disabled","ast-breadcrumbs-content":"","ast-featured-img":"disabled","footer-sml-layout":"","theme-transparent-header-meta":"default","adv-header-id-meta":"","stick-header-meta":"","header-above-stick-meta":"","header-main-stick-meta":"","header-below-stick-meta":"","astra-migrate-meta-layouts":"set","ast-page-background-enabled":"default","ast-page-background-meta":{"desktop":{"background-color":"","background-image":"","background-repeat":"repeat","background-position":"center center","background-size":"auto","background-attachment":"scroll","background-type":"","background-media":"","overlay-type":"","overlay-color":"","overlay-gradient":""},"tablet":{"background-color":"","background-image":"","background-repeat":"repeat","background-position":"center center","background-size":"auto","background-attachment":"scroll","background-type":"","background-media":"","overlay-type":"","overlay-color":"","overlay-gradient":""},"mobile":{"background-color":"","background-image":"","background-repeat":"repeat","background-position":"center center","background-size":"auto","background-attachment":"scroll","background-type":"","background-media":"","overlay-type":"","overlay-color":"","overlay-gradient":""}},"ast-content-background-meta":{"desktop":{"background-color":"var(--ast-global-color-5)","background-image":"","background-repeat":"repeat","background-position":"center center","background-size":"auto","background-attachment":"scroll","background-type":"","background-media":"","overlay-type":"","overlay-color":"","overlay-gradient":""},"tablet":{"background-color":"var(--ast-global-color-5)","background-image":"","background-repeat":"repeat","background-position":"center center","background-size":"auto","background-attachment":"scroll","background-type":"","background-media":"","overlay-type":"","overlay-color":"","overlay-gradient":""},"mobile":{"background-color":"var(--ast-global-color-5)","background-image":"","background-repeat":"repeat","background-position":"center center","background-size":"auto","background-attachment":"scroll","background-type":"","background-media":"","overlay-type":"","overlay-color":"","overlay-gradient":""}},"footnotes":""},"class_list":["post-2112","page","type-page","status-publish","hentry"],"aioseo_notices":[],"campaignId":"","_links":{"self":[{"href":"https:\/\/kuceder.org\/egitimestem\/wp-json\/wp\/v2\/pages\/2112","targetHints":{"allow":["GET"]}}],"collection":[{"href":"https:\/\/kuceder.org\/egitimestem\/wp-json\/wp\/v2\/pages"}],"about":[{"href":"https:\/\/kuceder.org\/egitimestem\/wp-json\/wp\/v2\/types\/page"}],"author":[{"embeddable":true,"href":"https:\/\/kuceder.org\/egitimestem\/wp-json\/wp\/v2\/users\/1"}],"replies":[{"embeddable":true,"href":"https:\/\/kuceder.org\/egitimestem\/wp-json\/wp\/v2\/comments?post=2112"}],"version-history":[{"count":11,"href":"https:\/\/kuceder.org\/egitimestem\/wp-json\/wp\/v2\/pages\/2112\/revisions"}],"predecessor-version":[{"id":3366,"href":"https:\/\/kuceder.org\/egitimestem\/wp-json\/wp\/v2\/pages\/2112\/revisions\/3366"}],"wp:attachment":[{"href":"https:\/\/kuceder.org\/egitimestem\/wp-json\/wp\/v2\/media?parent=2112"}],"curies":[{"name":"wp","href":"https:\/\/api.w.org\/{rel}","templated":true}]}}