{"id":2110,"date":"2018-02-23T12:13:14","date_gmt":"2018-02-23T12:13:14","guid":{"rendered":"https:\/\/kuceder.org\/egitimestem\/home\/"},"modified":"2024-02-24T15:44:50","modified_gmt":"2024-02-24T12:44:50","slug":"home","status":"publish","type":"page","link":"https:\/\/kuceder.org\/egitimestem\/","title":{"rendered":"Home"},"content":{"rendered":"\t\t<div data-elementor-type=\"wp-post\" data-elementor-id=\"2110\" class=\"elementor elementor-2110\">\n\t\t\t\t\t\t<section class=\"elementor-section elementor-top-section elementor-element elementor-element-8a0de87 elementor-section-boxed elementor-section-height-default elementor-section-height-default\" data-id=\"8a0de87\" data-element_type=\"section\" data-settings=\"{&quot;background_background&quot;:&quot;classic&quot;}\">\n\t\t\t\t\t\t\t<div class=\"elementor-background-overlay\"><\/div>\n\t\t\t\t\t\t\t<div class=\"elementor-container elementor-column-gap-wide\">\n\t\t\t\t\t<div class=\"elementor-column elementor-col-100 elementor-top-column elementor-element elementor-element-2b507b5\" data-id=\"2b507b5\" data-element_type=\"column\">\n\t\t\t<div class=\"elementor-widget-wrap elementor-element-populated\">\n\t\t\t\t\t\t<div class=\"elementor-element elementor-element-0bdf123 elementor-widget elementor-widget-heading\" data-id=\"0bdf123\" data-element_type=\"widget\" data-widget_type=\"heading.default\">\n\t\t\t\t<div class=\"elementor-widget-container\">\n\t\t\t\t\t<h4 class=\"elementor-heading-title elementor-size-default\">Ku\u00e7eder - \u00c7evre ve STEM (E-STEM)<\/h4>\t\t\t\t<\/div>\n\t\t\t\t<\/div>\n\t\t\t\t<div class=\"elementor-element elementor-element-4e0afc4 elementor-widget-divider--view-line elementor-widget elementor-widget-divider\" data-id=\"4e0afc4\" data-element_type=\"widget\" data-widget_type=\"divider.default\">\n\t\t\t\t<div class=\"elementor-widget-container\">\n\t\t\t\t\t\t\t<div class=\"elementor-divider\">\n\t\t\t<span class=\"elementor-divider-separator\">\n\t\t\t\t\t\t<\/span>\n\t\t<\/div>\n\t\t\t\t\t\t<\/div>\n\t\t\t\t<\/div>\n\t\t\t\t<div class=\"elementor-element elementor-element-749c1fd elementor-widget elementor-widget-heading\" data-id=\"749c1fd\" data-element_type=\"widget\" data-widget_type=\"heading.default\">\n\t\t\t\t<div class=\"elementor-widget-container\">\n\t\t\t\t\t<h1 class=\"elementor-heading-title elementor-size-default\">STEM etkinlikleriyle \u00e7evre e\u011fitimi kursu<\/h1>\t\t\t\t<\/div>\n\t\t\t\t<\/div>\n\t\t\t\t<div class=\"elementor-element elementor-element-33b6602 elementor-align-center elementor-mobile-align-center elementor-widget elementor-widget-button\" data-id=\"33b6602\" data-element_type=\"widget\" data-widget_type=\"button.default\">\n\t\t\t\t<div class=\"elementor-widget-container\">\n\t\t\t\t\t\t\t\t\t<div class=\"elementor-button-wrapper\">\n\t\t\t\t\t<a class=\"elementor-button elementor-button-link elementor-size-sm\" href=\"https:\/\/kuceder.org\/egitimestem\/basvuru-formu\/\">\n\t\t\t\t\t\t<span class=\"elementor-button-content-wrapper\">\n\t\t\t\t\t\t\t\t\t<span class=\"elementor-button-text\">HEMEN BA\u015eVUR!<\/span>\n\t\t\t\t\t<\/span>\n\t\t\t\t\t<\/a>\n\t\t\t\t<\/div>\n\t\t\t\t\t\t\t\t<\/div>\n\t\t\t\t<\/div>\n\t\t\t\t\t<\/div>\n\t\t<\/div>\n\t\t\t\t\t<\/div>\n\t\t<\/section>\n\t\t<div class=\"elementor-element elementor-element-2640d92 e-flex e-con-boxed e-con e-parent\" data-id=\"2640d92\" data-element_type=\"container\">\n\t\t\t\t\t<div class=\"e-con-inner\">\n\t\t\t\t<div class=\"elementor-element elementor-element-282d2db elementor-widget-divider--view-line elementor-widget elementor-widget-divider\" data-id=\"282d2db\" data-element_type=\"widget\" data-widget_type=\"divider.default\">\n\t\t\t\t<div class=\"elementor-widget-container\">\n\t\t\t\t\t\t\t<div class=\"elementor-divider\">\n\t\t\t<span class=\"elementor-divider-separator\">\n\t\t\t\t\t\t<\/span>\n\t\t<\/div>\n\t\t\t\t\t\t<\/div>\n\t\t\t\t<\/div>\n\t\t\t\t\t<\/div>\n\t\t\t\t<\/div>\n\t\t\t\t<section class=\"elementor-section elementor-top-section elementor-element elementor-element-e0efb15 elementor-section-content-middle elementor-section-boxed elementor-section-height-default elementor-section-height-default\" data-id=\"e0efb15\" data-element_type=\"section\" data-settings=\"{&quot;background_background&quot;:&quot;classic&quot;}\">\n\t\t\t\t\t\t\t<div class=\"elementor-background-overlay\"><\/div>\n\t\t\t\t\t\t\t<div class=\"elementor-container elementor-column-gap-wide\">\n\t\t\t\t\t<div class=\"elementor-column elementor-col-100 elementor-top-column elementor-element elementor-element-ba125b4\" data-id=\"ba125b4\" data-element_type=\"column\">\n\t\t\t<div class=\"elementor-widget-wrap elementor-element-populated\">\n\t\t\t\t\t\t<div class=\"elementor-element elementor-element-96c594b elementor-widget elementor-widget-heading\" data-id=\"96c594b\" data-element_type=\"widget\" data-widget_type=\"heading.default\">\n\t\t\t\t<div class=\"elementor-widget-container\">\n\t\t\t\t\t<h2 class=\"elementor-heading-title elementor-size-default\">\u00c7evre ve STEM (E-STEM)<\/h2>\t\t\t\t<\/div>\n\t\t\t\t<\/div>\n\t\t\t\t<div class=\"elementor-element elementor-element-93cd944 elementor-widget-divider--view-line elementor-widget elementor-widget-divider\" data-id=\"93cd944\" data-element_type=\"widget\" data-widget_type=\"divider.default\">\n\t\t\t\t<div class=\"elementor-widget-container\">\n\t\t\t\t\t\t\t<div class=\"elementor-divider\">\n\t\t\t<span class=\"elementor-divider-separator\">\n\t\t\t\t\t\t<\/span>\n\t\t<\/div>\n\t\t\t\t\t\t<\/div>\n\t\t\t\t<\/div>\n\t\t\t\t<section class=\"elementor-section elementor-inner-section elementor-element elementor-element-073b1e1 elementor-section-content-middle elementor-section-boxed elementor-section-height-default elementor-section-height-default\" data-id=\"073b1e1\" data-element_type=\"section\">\n\t\t\t\t\t\t<div class=\"elementor-container elementor-column-gap-no\">\n\t\t\t\t\t<div class=\"elementor-column elementor-col-50 elementor-inner-column elementor-element elementor-element-e39c955\" data-id=\"e39c955\" data-element_type=\"column\">\n\t\t\t<div class=\"elementor-widget-wrap elementor-element-populated\">\n\t\t\t\t\t\t<div class=\"elementor-element elementor-element-502fa4f elementor-widget elementor-widget-text-editor\" data-id=\"502fa4f\" data-element_type=\"widget\" data-widget_type=\"text-editor.default\">\n\t\t\t\t<div class=\"elementor-widget-container\">\n\t\t\t\t\t\t\t\t\t<p style=\"font-weight: 400;\">\u201c\u00c7evre ve STEM (E-STEM): STEM Etkinlikleriyle \u00c7evre E\u011fitimi Kursu\u201d isimli bu bilimsel etkinlik projesi, 2237-A Bilimsel Etkinlik projeleri kapsam\u0131nda T\u00dcB\u0130TAK Bilim \u0130nsan\u0131 Destek Programlar\u0131 Ba\u015fkanl\u0131\u011f\u0131 (B\u0130DEB), 2237 Bilimsel E\u011fitim Etkinliklerini Destekleme Program\u0131, 2237-A Bilimsel E\u011fitim Etkinlikleri Deste\u011fi ile y\u00fcr\u00fct\u00fclecektir. Projemize Do\u011fa Koruma Milli Parklar 6. B\u00f6lge M\u00fcd\u00fcrl\u00fc\u011f\u00fc, Do\u011fa Koruma Milli Parklar Antalya \u015eube M\u00fcd\u00fcrl\u00fc\u011f\u00fc, Ku\u015f Ara\u015ft\u0131rmalar\u0131 ve \u00c7evre E\u011fitimi Derne\u011fi ve Serik Belediyesi taraf\u0131ndan AYN\u0130 destek sa\u011flanmaktad\u0131r. Proje etkinliklerinde, konusunun uzman\u0131 5 farkl\u0131 \u00fcniversitede g\u00f6rev yapan 9 adet e\u011fitmen g\u00f6rev almaktad\u0131r. Hedef kitlemiz; Fen Bilgisi \u00d6\u011fretmenli\u011fi, S\u0131n\u0131f \u00d6\u011fretmenli\u011fi ve Okul \u00d6ncesi \u00d6\u011fretmenli\u011fi programlar\u0131nda e\u011fitim alan y\u00fcksek lisans \u2013 doktora e\u011fitimlerine devam eden Lisans\u00fcst\u00fc \u00f6\u011frencileridir. Bu nedenle bu hedef kitleye Uygulamal\u0131 \u00e7evre e\u011fitimi ve STEM konular\u0131n\u0131 i\u00e7eren bilimsel, teknik ve uygulamal\u0131 bir e\u011fitim sunabilmek amac\u0131yla bu etkinlik d\u00fczenlemi\u015ftir.&nbsp;<\/p>\n<p style=\"font-weight: 400;\">\u00c7evre ve STEM (E-STEM): STEM Etkinlikleriyle \u00c7evre E\u011fitimi Kursu&nbsp;bilimsel etkinli\u011fimiz, konusunun uzman\u0131 bilim adamlar\u0131 taraf\u0131ndan disiplinler aras\u0131 tarzda ve birbiri ile ba\u011flant\u0131l\u0131 e\u011fitim program\u0131 \u00e7er\u00e7evesinde teorik-uygulamal\u0131 tarzda sunulacakt\u0131r. Etkinli\u011fimiz 7 g\u00fcn olarak planlanm\u0131\u015ft\u0131r. Etkinlikte 24 saat teorik ve 46 saat uygulama olacak \u015fekilde ders plan\u0131 bulunmaktad\u0131r.&nbsp;<\/p>\n<p style=\"font-weight: 400;\">Bu etkinlik, 2024 Y\u0131l\u0131 1. D\u00f6neminde T\u00dcB\u0130TAK-B\u0130DEB 2237 A Bilimsel E\u011fitim Etkinlikleri Deste\u011fi kapsam\u0131nda planlanm\u0131\u015ft\u0131r. Desteklenmesi halinde, Konyaalt\u0131 Memet Zeki Balc\u0131 \u00d6\u011fretmenevi\u2019nde Teorik e\u011fitimler, uygulamal\u0131 e\u011fitimler ise, Bo\u011fazkent Ku\u015f Halkalama \u0130stasyonu\u2019nda ger\u00e7ekle\u015ftirilecektir. Etkinli\u011fimize, T\u00fcrkiye\u2019nin farkl\u0131 \u00fcniversitelerinde lisans\u00fcst\u00fc e\u011fitimini y\u00fcr\u00fcten ve ara\u015ft\u0131rmac\u0131 olarak g\u00f6rev yapan hedef kitle davet edilecektir.&nbsp;Etkinli\u011fimize yo\u011fun ilgi ve ba\u015fvuru olmaktad\u0131r.<\/p>\t\t\t\t\t\t\t\t<\/div>\n\t\t\t\t<\/div>\n\t\t\t\t\t<\/div>\n\t\t<\/div>\n\t\t\t\t<div class=\"elementor-column elementor-col-50 elementor-inner-column elementor-element elementor-element-2775c09\" data-id=\"2775c09\" data-element_type=\"column\" data-settings=\"{&quot;background_background&quot;:&quot;classic&quot;}\">\n\t\t\t<div class=\"elementor-widget-wrap elementor-element-populated\">\n\t\t\t\t\t\t<div class=\"elementor-element elementor-element-f78234f elementor-widget elementor-widget-image\" data-id=\"f78234f\" data-element_type=\"widget\" data-widget_type=\"image.default\">\n\t\t\t\t<div class=\"elementor-widget-container\">\n\t\t\t\t\t\t\t\t\t\t\t\t\t\t\t<img fetchpriority=\"high\" decoding=\"async\" width=\"768\" height=\"1024\" src=\"https:\/\/kuceder.org\/egitimestem\/wp-content\/uploads\/sites\/3\/2023\/12\/WhatsApp-Image-2023-12-11-at-12.56.30-15-768x1024.jpeg\" class=\"attachment-large size-large wp-image-3318\" alt=\"\" srcset=\"https:\/\/kuceder.org\/egitimestem\/wp-content\/uploads\/sites\/3\/2023\/12\/WhatsApp-Image-2023-12-11-at-12.56.30-15-768x1024.jpeg 768w, https:\/\/kuceder.org\/egitimestem\/wp-content\/uploads\/sites\/3\/2023\/12\/WhatsApp-Image-2023-12-11-at-12.56.30-15-225x300.jpeg 225w, https:\/\/kuceder.org\/egitimestem\/wp-content\/uploads\/sites\/3\/2023\/12\/WhatsApp-Image-2023-12-11-at-12.56.30-15-1152x1536.jpeg 1152w, https:\/\/kuceder.org\/egitimestem\/wp-content\/uploads\/sites\/3\/2023\/12\/WhatsApp-Image-2023-12-11-at-12.56.30-15.jpeg 1200w\" sizes=\"(max-width: 768px) 100vw, 768px\" \/>\t\t\t\t\t\t\t\t\t\t\t\t\t\t\t<\/div>\n\t\t\t\t<\/div>\n\t\t\t\t\t<\/div>\n\t\t<\/div>\n\t\t\t\t\t<\/div>\n\t\t<\/section>\n\t\t\t\t<div class=\"elementor-element elementor-element-6ad0610 elementor-align-center elementor-widget elementor-widget-button\" data-id=\"6ad0610\" data-element_type=\"widget\" data-widget_type=\"button.default\">\n\t\t\t\t<div class=\"elementor-widget-container\">\n\t\t\t\t\t\t\t\t\t<div class=\"elementor-button-wrapper\">\n\t\t\t\t\t<a class=\"elementor-button elementor-button-link elementor-size-sm\" href=\"https:\/\/kuceder.org\/egitimestem\/basvuru-formu\/\">\n\t\t\t\t\t\t<span class=\"elementor-button-content-wrapper\">\n\t\t\t\t\t\t\t\t\t<span class=\"elementor-button-text\">HEMEN BA\u015eVUR<\/span>\n\t\t\t\t\t<\/span>\n\t\t\t\t\t<\/a>\n\t\t\t\t<\/div>\n\t\t\t\t\t\t\t\t<\/div>\n\t\t\t\t<\/div>\n\t\t\t\t\t<\/div>\n\t\t<\/div>\n\t\t\t\t\t<\/div>\n\t\t<\/section>\n\t\t\t\t<\/div>\n\t\t","protected":false},"excerpt":{"rendered":"<p>Ku\u00e7eder &#8211; \u00c7evre ve STEM (E-STEM) STEM etkinlikleriyle \u00e7evre e\u011fitimi kursu HEMEN BA\u015eVUR! \u00c7evre ve STEM (E-STEM) \u201c\u00c7evre ve STEM (E-STEM): STEM Etkinlikleriyle \u00c7evre E\u011fitimi Kursu\u201d isimli bu bilimsel etkinlik projesi, 2237-A Bilimsel Etkinlik projeleri kapsam\u0131nda T\u00dcB\u0130TAK Bilim \u0130nsan\u0131 Destek Programlar\u0131 Ba\u015fkanl\u0131\u011f\u0131 (B\u0130DEB), 2237 Bilimsel E\u011fitim Etkinliklerini Destekleme Program\u0131, 2237-A Bilimsel E\u011fitim Etkinlikleri Deste\u011fi ile &hellip;<\/p>\n<p class=\"read-more\"> <a class=\"\" href=\"https:\/\/kuceder.org\/egitimestem\/\"> <span class=\"screen-reader-text\">Home<\/span> Devam\u0131 &raquo;<\/a><\/p>\n","protected":false},"author":1,"featured_media":0,"parent":0,"menu_order":0,"comment_status":"closed","ping_status":"closed","template":"","meta":{"give_campaign_id":0,"site-sidebar-layout":"no-sidebar","site-content-layout":"page-builder","ast-site-content-layout":"","site-content-style":"default","site-sidebar-style":"default","ast-global-header-display":"","ast-banner-title-visibility":"","ast-main-header-display":"","ast-hfb-above-header-display":"","ast-hfb-below-header-display":"","ast-hfb-mobile-header-display":"","site-post-title":"disabled","ast-breadcrumbs-content":"","ast-featured-img":"","footer-sml-layout":"","theme-transparent-header-meta":"default","adv-header-id-meta":"","stick-header-meta":"","header-above-stick-meta":"","header-main-stick-meta":"","header-below-stick-meta":"","astra-migrate-meta-layouts":"","ast-page-background-enabled":"default","ast-page-background-meta":{"desktop":{"background-color":"","background-image":"","background-repeat":"repeat","background-position":"center center","background-size":"auto","background-attachment":"scroll","background-type":"","background-media":"","overlay-type":"","overlay-color":"","overlay-gradient":""},"tablet":{"background-color":"","background-image":"","background-repeat":"repeat","background-position":"center center","background-size":"auto","background-attachment":"scroll","background-type":"","background-media":"","overlay-type":"","overlay-color":"","overlay-gradient":""},"mobile":{"background-color":"","background-image":"","background-repeat":"repeat","background-position":"center center","background-size":"auto","background-attachment":"scroll","background-type":"","background-media":"","overlay-type":"","overlay-color":"","overlay-gradient":""}},"ast-content-background-meta":{"desktop":{"background-color":"var(--ast-global-color-5)","background-image":"","background-repeat":"repeat","background-position":"center center","background-size":"auto","background-attachment":"scroll","background-type":"","background-media":"","overlay-type":"","overlay-color":"","overlay-gradient":""},"tablet":{"background-color":"var(--ast-global-color-5)","background-image":"","background-repeat":"repeat","background-position":"center center","background-size":"auto","background-attachment":"scroll","background-type":"","background-media":"","overlay-type":"","overlay-color":"","overlay-gradient":""},"mobile":{"background-color":"var(--ast-global-color-5)","background-image":"","background-repeat":"repeat","background-position":"center center","background-size":"auto","background-attachment":"scroll","background-type":"","background-media":"","overlay-type":"","overlay-color":"","overlay-gradient":""}},"footnotes":""},"class_list":["post-2110","page","type-page","status-publish","hentry"],"aioseo_notices":[],"campaignId":"","_links":{"self":[{"href":"https:\/\/kuceder.org\/egitimestem\/wp-json\/wp\/v2\/pages\/2110","targetHints":{"allow":["GET"]}}],"collection":[{"href":"https:\/\/kuceder.org\/egitimestem\/wp-json\/wp\/v2\/pages"}],"about":[{"href":"https:\/\/kuceder.org\/egitimestem\/wp-json\/wp\/v2\/types\/page"}],"author":[{"embeddable":true,"href":"https:\/\/kuceder.org\/egitimestem\/wp-json\/wp\/v2\/users\/1"}],"replies":[{"embeddable":true,"href":"https:\/\/kuceder.org\/egitimestem\/wp-json\/wp\/v2\/comments?post=2110"}],"version-history":[{"count":34,"href":"https:\/\/kuceder.org\/egitimestem\/wp-json\/wp\/v2\/pages\/2110\/revisions"}],"predecessor-version":[{"id":3434,"href":"https:\/\/kuceder.org\/egitimestem\/wp-json\/wp\/v2\/pages\/2110\/revisions\/3434"}],"wp:attachment":[{"href":"https:\/\/kuceder.org\/egitimestem\/wp-json\/wp\/v2\/media?parent=2110"}],"curies":[{"name":"wp","href":"https:\/\/api.w.org\/{rel}","templated":true}]}}